{"id":26,"date":"2015-07-10T21:51:33","date_gmt":"2015-07-10T21:51:33","guid":{"rendered":"http:\/\/acsaluminyum.akdenizsoftware.com\/?page_id=26"},"modified":"2018-06-29T14:32:40","modified_gmt":"2018-06-29T14:32:40","slug":"aluminyum-isleri-antalya","status":"publish","type":"page","link":"http:\/\/acsaluminyum.com.tr\/?page_id=26","title":{"rendered":"REFERANSLARIMIZ"},"content":{"rendered":"<p><img loading=\"lazy\" decoding=\"async\" class=\"alignnone size-full wp-image-27\" src=\"http:\/\/acsaluminyum.com.tr\/wp-content\/uploads\/2015\/07\/REFERANSLARIMIZ.jpg\" alt=\"REFERANSLARIMIZ\" width=\"1000\" height=\"319\" srcset=\"http:\/\/acsaluminyum.com.tr\/wp-content\/uploads\/2015\/07\/REFERANSLARIMIZ.jpg 1000w, http:\/\/acsaluminyum.com.tr\/wp-content\/uploads\/2015\/07\/REFERANSLARIMIZ-300x96.jpg 300w\" sizes=\"auto, (max-width: 1000px) 100vw, 1000px\" \/><\/p>\n<p style=\"text-align: center;\">B\u0130Z\u0130 SE\u00c7EN T\u00dcM M\u00dc\u015eTER\u0130 VE DOSTLARIMIZA TE\u015eEKK\u00dcRLER\u2026<br \/>\nYAPMI\u015e OLDU\u011eUMUZ\u00a0 PROJELER\u0130M\u0130ZDEN BAZILARI A\u015eA\u011eIDADIR.<\/p>\n<p>&nbsp;<\/p>\n<table width=\"100%\" cellspacing=\"2\" cellpadding=\"2\">\n<tbody>\n<tr>\n<td align=\"left\" valign=\"middle\" bgcolor=\"#FFFFFF\" width=\"170\" height=\"20\"><strong>F\u0130RMA<\/strong><\/td>\n<td align=\"left\" valign=\"middle\" bgcolor=\"#FFFFFF\" width=\"217\"><strong>PROJE<\/strong><\/td>\n<td align=\"left\" valign=\"middle\" bgcolor=\"#FFFFFF\" width=\"386\"><strong>YAPILAN \u0130\u015e<\/strong><\/td>\n<td align=\"left\" valign=\"middle\" bgcolor=\"#FFFFFF\" width=\"125\"><strong>B\u0130T\u0130\u015e YILI<\/strong><\/td>\n<\/tr>\n<tr>\n<td align=\"left\" valign=\"middle\" height=\"20\"><a href=\"http:\/\/acsaluminyum.com.tr\/?p=159\">BUCAK T\u0130CARET ODASI<\/a><\/td>\n<td align=\"left\" valign=\"middle\">BUCAK T\u0130CARET ODASI B\u0130NASI<\/td>\n<td align=\"left\" valign=\"middle\">DI\u015eCEPHE KAPLAMA S\u0130STEMLER\u0130 , ALUM\u0130NYUM DO\u011eRAMA<\/td>\n<td align=\"left\" valign=\"middle\">2015<\/td>\n<\/tr>\n<tr>\n<td align=\"left\" valign=\"middle\" height=\"20\"><a href=\"http:\/\/acsaluminyum.com.tr\/?p=157\">ERDAL NERG\u0130Z<\/a><\/td>\n<td align=\"left\" valign=\"middle\">NERG\u0130Z PLAZA<\/td>\n<td align=\"left\" valign=\"middle\">DI\u015eCEPHE KAPLAMA S\u0130STEMLER\u0130<\/td>\n<td align=\"left\" valign=\"middle\">2014<\/td>\n<\/tr>\n<tr>\n<td align=\"left\" valign=\"middle\" height=\"20\"><a href=\"http:\/\/acsaluminyum.com.tr\/?p=30\" target=\"_blank\" rel=\"noopener\">OSK \u0130N\u015eAAT<\/a><\/td>\n<td align=\"left\" valign=\"middle\">SARAY RESIDENCE<\/td>\n<td align=\"left\" valign=\"middle\">DI\u015eCEPHE KAPLAMA S\u0130STEMLER\u0130<\/td>\n<td align=\"left\" valign=\"middle\">2015<\/td>\n<\/tr>\n<tr>\n<td align=\"left\" valign=\"middle\" height=\"20\"><a href=\"http:\/\/acsaluminyum.com.tr\/?p=74\" target=\"_blank\" rel=\"noopener\">D\u0130V YAPI<\/a><\/td>\n<td align=\"left\" valign=\"middle\">TORUNO\u011eLU \u0130\u015e MERKEZ\u0130<\/td>\n<td align=\"left\" valign=\"middle\">KOMPOZ\u0130T VE DI\u015eCEPHE KAPLAMA S\u0130STEMLER\u0130<\/td>\n<td align=\"left\" valign=\"middle\">2015<\/td>\n<\/tr>\n<tr>\n<td align=\"left\" valign=\"middle\" height=\"20\"><a href=\"http:\/\/acsaluminyum.com.tr\/?p=72\" target=\"_blank\" rel=\"noopener\">NEZ\u0130R S\u00dcR\u00dcC\u00dc \u0130N\u015eAAT<\/a><\/td>\n<td align=\"left\" valign=\"middle\">N\u0130SA RES\u0130DENCE<\/td>\n<td align=\"left\" valign=\"middle\">KOMPOZ\u0130T , G\u00dcNE\u015e KIRICI VE DI\u015eCEPHE KAPLAMA S\u0130STEMLER\u0130<\/td>\n<td align=\"left\" valign=\"middle\">2014<\/td>\n<\/tr>\n<tr>\n<td align=\"left\" valign=\"middle\" height=\"20\"><a href=\"http:\/\/acsaluminyum.com.tr\/?p=77\" target=\"_blank\" rel=\"noopener\">SAF\u0130R AY YAPI<\/a><\/td>\n<td align=\"left\" valign=\"middle\">SAF\u0130R \u0130\u015e MERKEZ\u0130<\/td>\n<td align=\"left\" valign=\"middle\">KOMPOZ\u0130T , G\u00dcNE\u015e KIRICI VE DI\u015eCEPHE KAPLAMA S\u0130STEMLER\u0130<\/td>\n<td align=\"left\" valign=\"middle\">2014<\/td>\n<\/tr>\n<tr>\n<td align=\"left\" valign=\"middle\" height=\"20\"><a href=\"http:\/\/acsaluminyum.com.tr\/?p=80\" target=\"_blank\" rel=\"noopener\">NEZ\u0130R S\u00dcR\u00dcC\u00dc \u0130N\u015eAAT<\/a><\/td>\n<td align=\"left\" valign=\"middle\">\u0130\u015e MERKEZ\u0130<\/td>\n<td align=\"left\" valign=\"middle\">KOMPOZ\u0130T , G\u00dcNE\u015e KIRICI VE DI\u015eCEPHE KAPLAMA S\u0130STEMLER\u0130<\/td>\n<td align=\"left\" valign=\"middle\">2015<\/td>\n<\/tr>\n<tr>\n<td align=\"left\" valign=\"middle\" height=\"20\"><a href=\"http:\/\/acsaluminyum.com.tr\/?p=83\" target=\"_blank\" rel=\"noopener\">KTL \u0130N\u015eAAT<\/a><\/td>\n<td align=\"left\" valign=\"middle\">\u0130\u015e MERKEZ\u0130<\/td>\n<td align=\"left\" valign=\"middle\">KOMPOZ\u0130T , G\u00dcNE\u015e KIRICI VE DI\u015eCEPHE KAPLAMA S\u0130STEMLER\u0130<\/td>\n<td align=\"left\" valign=\"middle\">2015<\/td>\n<\/tr>\n<tr>\n<td align=\"left\" valign=\"middle\" height=\"20\"><a href=\"http:\/\/acsaluminyum.com.tr\/?p=85\">\u00c7\u0130V\u0130K \u0130N\u015eAAT<\/a><\/td>\n<td align=\"left\" valign=\"middle\">\u0130\u015e MERKEZ\u0130<\/td>\n<td align=\"left\" valign=\"middle\">KOMPOZ\u0130T , G\u00dcNE\u015e KIRICI VE DI\u015eCEPHE KAPLAMA S\u0130STEMLER\u0130<\/td>\n<td align=\"left\" valign=\"middle\">2015<\/td>\n<\/tr>\n<tr>\n<td align=\"left\" valign=\"middle\" height=\"20\"><a href=\"http:\/\/acsaluminyum.com.tr\/?p=88\">MURAT M\u00dcHEND\u0130SL\u0130K<\/a><\/td>\n<td align=\"left\" valign=\"middle\">MURAT M\u00dcHEND\u0130SL\u0130K<\/td>\n<td align=\"left\" valign=\"middle\">KOMPOZ\u0130T , G\u00dcNE\u015e KIRICI VE DI\u015eCEPHE KAPLAMA S\u0130STEMLER\u0130<\/td>\n<td align=\"left\" valign=\"middle\">2015<\/td>\n<\/tr>\n<tr>\n<td align=\"left\" valign=\"middle\" height=\"20\"><a href=\"http:\/\/acsaluminyum.com.tr\/?p=92\">SAKARYA BULV. SHELL YAN<\/a>I<\/td>\n<td align=\"left\" valign=\"middle\">OKUTAN \u0130\u015e MERKEZ\u0130<\/td>\n<td align=\"left\" valign=\"middle\">KOMPOZ\u0130T , G\u00dcNE\u015e KIRICI VE DI\u015eCEPHE KAPLAMA S\u0130STEMLER\u0130<\/td>\n<td align=\"left\" valign=\"middle\">2015<\/td>\n<\/tr>\n<tr>\n<td align=\"left\" valign=\"middle\" height=\"20\"><a href=\"http:\/\/acsaluminyum.com.tr\/?p=128\" target=\"_blank\" rel=\"noopener\">O\u011eUZHAN \u0130SKELE<\/a><\/td>\n<td align=\"left\" valign=\"middle\">BUCAK \u0130\u015e MERKEZ\u0130<\/td>\n<td align=\"left\" valign=\"middle\">KOMPOZ\u0130T , G\u00dcNE\u015e KIRICI VE DI\u015eCEPHE KAPLAMA S\u0130STEMLER\u0130<\/td>\n<td align=\"left\" valign=\"middle\">2015<\/td>\n<\/tr>\n<tr>\n<td align=\"left\" valign=\"middle\" height=\"20\"><a href=\"http:\/\/acsaluminyum.com.tr\/?p=99\">ASLANO\u011eLU \u0130N\u015eAAT<\/a><\/td>\n<td align=\"left\" valign=\"middle\">PLAZA<\/td>\n<td align=\"left\" valign=\"middle\">KOMPOZ\u0130T , G\u00dcNE\u015e KIRICI VE DI\u015eCEPHE KAPLAMA S\u0130STEMLER\u0130<\/td>\n<td align=\"left\" valign=\"middle\">2015<\/td>\n<\/tr>\n<tr>\n<td align=\"left\" valign=\"middle\" height=\"20\"><a href=\"http:\/\/acsaluminyum.com.tr\/?p=102\">ERALKO \u0130\u015e MERKEZ\u0130<\/a><\/td>\n<td align=\"left\" valign=\"middle\">ERALKO \u0130\u015e MERKEZ\u0130<\/td>\n<td align=\"left\" valign=\"middle\">KOMPOZ\u0130T , G\u00dcNE\u015e KIRICI VE DI\u015eCEPHE KAPLAMA S\u0130STEMLER\u0130<\/td>\n<td align=\"left\" valign=\"middle\">2015<\/td>\n<\/tr>\n<tr>\n<td align=\"left\" valign=\"middle\" height=\"20\"><a href=\"http:\/\/acsaluminyum.com.tr\/?p=105\">SEZERLER PEROL<\/a><\/td>\n<td align=\"left\" valign=\"middle\">AHATLI<\/td>\n<td align=\"left\" valign=\"middle\">KOMPOZ\u0130T , G\u00dcNE\u015e KIRICI VE DI\u015eCEPHE KAPLAMA S\u0130STEMLER\u0130<\/td>\n<td align=\"left\" valign=\"middle\">2015<\/td>\n<\/tr>\n<tr>\n<td align=\"left\" valign=\"middle\" height=\"20\"><a href=\"http:\/\/acsaluminyum.com.tr\/?p=108\">U\u011eURCAN \u0130N\u015eAAT<\/a><\/td>\n<td align=\"left\" valign=\"middle\">\u0130\u015e MERKEZ\u0130<\/td>\n<td align=\"left\" valign=\"middle\">KOMPOZ\u0130T , G\u00dcNE\u015e KIRICI VE DI\u015eCEPHE KAPLAMA S\u0130STEMLER\u0130<\/td>\n<td align=\"left\" valign=\"middle\">2015<\/td>\n<\/tr>\n<tr>\n<td align=\"left\" valign=\"middle\" height=\"20\"><a href=\"http:\/\/acsaluminyum.com.tr\/?p=149\">BARUT \u0130N\u015eAAT<\/a><\/td>\n<td align=\"left\" valign=\"middle\">ANTALYA SSK HASTANES\u0130 KANT\u0130N\u0130<\/td>\n<td align=\"left\" valign=\"middle\">DI\u015eCEPHE KAPLAMA S\u0130STEMLER\u0130<\/td>\n<td align=\"left\" valign=\"middle\">2015<\/td>\n<\/tr>\n<tr>\n<td align=\"left\" valign=\"middle\" height=\"20\"><a href=\"http:\/\/acsaluminyum.com.tr\/?p=151\">ESK\u0130 OTOGAR KAR\u015eISI<\/a><\/td>\n<td align=\"left\" valign=\"middle\">PLAZA<\/td>\n<td align=\"left\" valign=\"middle\">KOMPOZ\u0130T VE \u00a0DI\u015eCEPHE KAPLAMA S\u0130STEMLER\u0130<\/td>\n<td align=\"left\" valign=\"middle\">2014<\/td>\n<\/tr>\n<tr>\n<td align=\"left\" valign=\"middle\" height=\"20\"><a href=\"http:\/\/acsaluminyum.com.tr\/?p=206\">AKDEN\u0130Z \u00dcNV. KAPALI SPOR SLN.<\/a><\/td>\n<td align=\"left\" valign=\"middle\">AKDEN\u0130Z \u00dcN\u0130VERS\u0130TES\u0130<\/td>\n<td align=\"left\" valign=\"middle\">KAPAKLI CEPHE, SUNDURMA, ISI YALITIMLI DO\u011eRAMA<\/td>\n<td align=\"left\" valign=\"middle\">2015<\/td>\n<\/tr>\n<tr>\n<td align=\"left\" valign=\"middle\" height=\"20\"><a href=\"http:\/\/acsaluminyum.com.tr\/?p=212\">REYTA\u015e MERMER<\/a><\/td>\n<td align=\"left\" valign=\"middle\">A.O.S.B MERMERC\u0130LER S\u0130TES\u0130<\/td>\n<td align=\"left\" valign=\"middle\">KOMPOZ\u0130T , G\u00dcNE\u015e KIRICI VE DI\u015eCEPHE KAPLAMA S\u0130STEMLER\u0130<\/td>\n<td align=\"left\" valign=\"middle\">2015<\/td>\n<\/tr>\n<tr>\n<td align=\"left\" valign=\"middle\" height=\"20\"><a href=\"http:\/\/acsaluminyum.com.tr\/?p=219\">ABAY \u0130N\u015e.<\/a><\/td>\n<td align=\"left\" valign=\"middle\">KONYAALTI<\/td>\n<td align=\"left\" valign=\"middle\">S\u0130L\u0130KON CEPHE, KOMPOZ\u0130T, ALM. DO\u011eRAMALAR<\/td>\n<td align=\"left\" valign=\"middle\">2015<\/td>\n<\/tr>\n<tr>\n<td align=\"left\" valign=\"middle\" height=\"20\">\u00a0<a href=\"http:\/\/acsaluminyum.com.tr\/?p=226\">\u00a0Plasko Plastik<\/a><\/td>\n<td align=\"left\" valign=\"middle\">KONYA \/ KARAMAN<\/td>\n<td align=\"left\" valign=\"middle\">\u00a0S\u0130L\u0130KON CEPHE, KOMPOZ\u0130T, ALM. DO\u011eRAMALAR<\/td>\n<td align=\"left\" valign=\"middle\">\u00a02016<\/td>\n<\/tr>\n<tr>\n<td align=\"left\" valign=\"middle\" height=\"20\">\u00a0<a href=\"http:\/\/acsaluminyum.com.tr\/?p=235\">OTESAN OTEL EK\u0130PMANLARI<\/a><\/td>\n<td align=\"left\" valign=\"middle\">\u00a0ANTALYA \/\u00a0KEPEZ<\/td>\n<td align=\"left\" valign=\"middle\">\u00a0S\u0130L\u0130KON CEPHE, KOMPOZ\u0130T, ALM. DO\u011eRAMALAR<\/td>\n<td align=\"left\" valign=\"middle\">\u00a02016<\/td>\n<\/tr>\n<tr>\n<td align=\"left\" valign=\"middle\" height=\"20\">\u00a0<a href=\"http:\/\/acsaluminyum.com.tr\/?p=245\">MANAVO\u011eLU \u0130N\u015eAAT<\/a><\/td>\n<td align=\"left\" valign=\"middle\">\u00a0KORKUTEL \/ ANTALYA<\/td>\n<td align=\"left\" valign=\"middle\">\u00a0S\u0130L\u0130KON CEPHE, KOMPOZ\u0130T, ALM. DO\u011eRAMALAR<\/td>\n<td align=\"left\" valign=\"middle\">\u00a02016<\/td>\n<\/tr>\n<tr>\n<td align=\"left\" valign=\"middle\" height=\"20\">\u00a0<a href=\"http:\/\/acsaluminyum.com.tr\/?p=440\" target=\"_blank\" rel=\"noopener\">\u015eAFAK YURDU<\/a><\/td>\n<td align=\"left\" valign=\"middle\">\u00a0ANTALYA KEPEZ<\/td>\n<td align=\"left\" valign=\"middle\">\u00a0S\u0130L\u0130KON CEPHE KOMPOZ\u0130T<\/td>\n<td align=\"left\" valign=\"middle\">\u00a02016<\/td>\n<\/tr>\n<tr>\n<td align=\"left\" valign=\"middle\" height=\"20\"><a href=\"http:\/\/acsaluminyum.com.tr\/?p=429\" target=\"_blank\" rel=\"noopener\">SOMUN ARASI DEN\u0130ZL\u0130<\/a><\/td>\n<td align=\"left\" valign=\"middle\">DEN\u0130ZL\u0130 MERKEZ<\/td>\n<td align=\"left\" valign=\"middle\">AL\u00dcM\u0130NYUM DO\u011eRAMA<\/td>\n<td align=\"left\" valign=\"middle\">2016<\/td>\n<\/tr>\n<tr>\n<td align=\"left\" valign=\"middle\" height=\"20\"><a href=\"http:\/\/acsaluminyum.com.tr\/?p=426\" target=\"_blank\" rel=\"noopener\">FC ARDEN<\/a><\/td>\n<td align=\"left\" valign=\"middle\">ANTALYA MERKEZ<\/td>\n<td align=\"left\" valign=\"middle\">KOMPOZ\u0130T KAPLAMA<\/td>\n<td align=\"left\" valign=\"middle\">2016<\/td>\n<\/tr>\n<tr>\n<td align=\"left\" valign=\"middle\" height=\"20\"><a href=\"http:\/\/acsaluminyum.com.tr\/?p=420\">D\u00d6\u015eEMEALTI GERM\u0130YAN \u0130N\u015eAAT<\/a><\/td>\n<td align=\"left\" valign=\"middle\">ANTALYA MERKEZ<\/td>\n<td align=\"left\" valign=\"middle\">KOMPOZ\u0130T KAPLMA ALM DO\u011eRAMA<\/td>\n<td align=\"left\" valign=\"middle\">2017<\/td>\n<\/tr>\n<tr>\n<td align=\"left\" valign=\"middle\" height=\"20\"><a href=\"http:\/\/acsaluminyum.com.tr\/?p=297\" target=\"_blank\" rel=\"noopener\">EK\u0130N TARIM ANTALYA ORGAN\u0130ZE SANAY\u0130<\/a><\/td>\n<td align=\"left\" valign=\"middle\">ANTALYA MERKEZ<\/td>\n<td align=\"left\" valign=\"middle\">KOMPOZ\u0130T,ALM DO\u011eRAMA,S\u0130L\u0130KON CEPHE.VS<\/td>\n<td align=\"left\" valign=\"middle\">2017<\/td>\n<\/tr>\n<tr>\n<td align=\"left\" valign=\"middle\" height=\"20\"><a href=\"http:\/\/acsaluminyum.com.tr\/?p=289\" target=\"_blank\" rel=\"noopener\">ELMALI HUZUR EV\u0130<\/a><\/td>\n<td align=\"left\" valign=\"middle\">ANTALYA ELMALI<\/td>\n<td align=\"left\" valign=\"middle\">S\u0130L\u0130KON CEPHE ALM DO\u011eRAMA KOMPOZ\u0130T VS<\/td>\n<td align=\"left\" valign=\"middle\">2017<\/td>\n<\/tr>\n<tr>\n<td align=\"left\" valign=\"middle\" height=\"20\"><a href=\"http:\/\/acsaluminyum.com.tr\/?p=469\">K\u00dc\u00c7\u00dcK B\u00dcY\u00dcK PROJELER KARI\u015eIK<\/a><\/td>\n<td align=\"left\" valign=\"middle\">ANTALYA C\u0130VARI<\/td>\n<td align=\"left\" valign=\"middle\">S\u0130L\u0130KON,KORKULUK,DO\u011eRAMA,CNC DESEN , CAM,PANJUR,VS<\/td>\n<td align=\"left\" valign=\"middle\">ALL<\/td>\n<\/tr>\n<tr>\n<td align=\"left\" valign=\"middle\" height=\"20\"><a href=\"http:\/\/acsaluminyum.com.tr\/?p=505\">OKS \u0130N\u015eAAT &#8211; ALTINYAKA<\/a><\/td>\n<td align=\"left\" valign=\"middle\">ANTALYA MERKEZ<\/td>\n<td align=\"left\" valign=\"middle\">S\u0130L\u0130KON,KORKULUK,DO\u011eRAMA,CNC DESEN<\/td>\n<td align=\"left\" valign=\"middle\">2016<\/td>\n<\/tr>\n<tr>\n<td align=\"left\" valign=\"middle\" height=\"20\"><a href=\"http:\/\/acsaluminyum.com.tr\/?p=509\">Organize sanayi &#8211; mantar fabrikas\u0131<\/a><\/td>\n<td align=\"left\" valign=\"middle\">ANTALYA MERKEZ<\/td>\n<td align=\"left\" valign=\"middle\">S\u0130L\u0130KON CEPHE KOMPOZ\u0130T KAPLAMA<\/td>\n<td align=\"left\" valign=\"middle\">2016<\/td>\n<\/tr>\n<tr>\n<td align=\"left\" valign=\"middle\" height=\"20\"><a href=\"http:\/\/acsaluminyum.com.tr\/?p=513\">TEKNOMER &#8211; BUCAK<\/a><\/td>\n<td align=\"left\" valign=\"middle\">BURDUR-BUCAK<\/td>\n<td align=\"left\" valign=\"middle\">S\u0130L\u0130KON CEPHE KAPLAMA<\/td>\n<td align=\"left\" valign=\"middle\">2016<\/td>\n<\/tr>\n<tr>\n<td align=\"left\" valign=\"middle\" height=\"20\"><a href=\"http:\/\/acsaluminyum.com.tr\/?p=522\">NOVAMED SERBEST B\u00d6LGE<\/a><\/td>\n<td align=\"left\" valign=\"middle\">ANTALYA MERKEZ<\/td>\n<td align=\"left\" valign=\"middle\">\u00a0S\u0130L\u0130KON CEPHE KAPLAMA,KOMPOZ\u0130T KAPLAMA<\/td>\n<td align=\"left\" valign=\"middle\">2017<\/td>\n<\/tr>\n<tr>\n<td align=\"left\" valign=\"middle\" height=\"20\"><a href=\"http:\/\/acsaluminyum.com.tr\/?p=528\">Oset&#8217;s cafe<\/a><\/td>\n<td align=\"left\" valign=\"middle\">ANTALYA MERKEZ<\/td>\n<td align=\"left\" valign=\"middle\">ALM. DO\u011eRAMA,KOMPOZ\u0130T KAPLAMA<\/td>\n<td align=\"left\" valign=\"middle\">2017<\/td>\n<\/tr>\n<tr>\n<td align=\"left\" valign=\"middle\" height=\"20\"><a href=\"http:\/\/acsaluminyum.com.tr\/?p=533\">Melda PALACE<\/a><\/td>\n<td align=\"left\" valign=\"middle\">ANTALYA MERKEZ<\/td>\n<td align=\"left\" valign=\"middle\">S\u0130L\u0130KON CEPHE ALM DO\u011eRAMA KOMPOZ\u0130T ,CNC\u00a0 DESEN<\/td>\n<td align=\"left\" valign=\"middle\">2016<\/td>\n<\/tr>\n<tr>\n<td align=\"left\" valign=\"middle\" height=\"20\"><a href=\"http:\/\/acsaluminyum.com.tr\/?p=539\">KO\u00c7 \u0130N\u015eAAT<\/a><\/td>\n<td align=\"left\" valign=\"middle\">ANTALYA MERKEZ<\/td>\n<td align=\"left\" valign=\"middle\">ALM. DO\u011eRAMA,KOMPOZ\u0130T KAPLAMA<\/td>\n<td align=\"left\" valign=\"middle\">2017<\/td>\n<\/tr>\n<tr>\n<td align=\"left\" valign=\"middle\" height=\"20\"><a href=\"http:\/\/acsaluminyum.com.tr\/?p=544\">Eksper ofis MAK\u0130NALARI<\/a><\/td>\n<td align=\"left\" valign=\"middle\">ANTALYA MERKEZ<\/td>\n<td align=\"left\" valign=\"middle\">\u00a0ALM. DO\u011eRAMA,KOMPOZ\u0130T KAPLAMA,S\u0130L\u0130KON CEPHE KAPLAMA<\/td>\n<td align=\"left\" valign=\"middle\">2016<\/td>\n<\/tr>\n<tr>\n<td align=\"left\" valign=\"middle\" height=\"20\"><a href=\"http:\/\/acsaluminyum.com.tr\/?p=553\">SAM\u0130 KAYA \u0130\u015e MERKEZ\u0130<\/a><\/td>\n<td align=\"left\" valign=\"middle\">ANTALYA MERKEZ<\/td>\n<td align=\"left\" valign=\"middle\">ALM. DO\u011eRAMA,KOMPOZ\u0130T KAPLAMA,S\u0130L\u0130KON CEPHE KAPLAMA<\/td>\n<td align=\"left\" valign=\"middle\">2015<\/td>\n<\/tr>\n<tr>\n<td align=\"left\" valign=\"middle\" height=\"20\"><\/td>\n<td align=\"left\" valign=\"middle\"><\/td>\n<td align=\"left\" valign=\"middle\"><\/td>\n<td align=\"left\" valign=\"middle\"><\/td>\n<\/tr>\n<tr>\n<td align=\"left\" valign=\"middle\" height=\"20\"><\/td>\n<td align=\"left\" valign=\"middle\"><\/td>\n<td align=\"left\" valign=\"middle\"><\/td>\n<td align=\"left\" valign=\"middle\"><\/td>\n<\/tr>\n<\/tbody>\n<\/table>\n","protected":false},"excerpt":{"rendered":"<p>B\u0130Z\u0130 SE\u00c7EN T\u00dcM M\u00dc\u015eTER\u0130 VE DOSTLARIMIZA TE\u015eEKK\u00dcRLER\u2026 YAPMI\u015e OLDU\u011eUMUZ\u00a0 PROJELER\u0130M\u0130ZDEN BAZILARI A\u015eA\u011eIDADIR. &nbsp; F\u0130RMA PROJE YAPILAN \u0130\u015e B\u0130T\u0130\u015e YILI BUCAK T\u0130CARET ODASI BUCAK T\u0130CARET ODASI B\u0130NASI DI\u015eCEPHE KAPLAMA S\u0130STEMLER\u0130 , ALUM\u0130NYUM DO\u011eRAMA 2015 ERDAL NERG\u0130Z NERG\u0130Z PLAZA DI\u015eCEPHE KAPLAMA S\u0130STEMLER\u0130 2014 OSK \u0130N\u015eAAT SARAY RESIDENCE DI\u015eCEPHE KAPLAMA S\u0130STEMLER\u0130 2015 D\u0130V YAPI TORUNO\u011eLU \u0130\u015e MERKEZ\u0130 KOMPOZ\u0130T [&hellip;]<\/p>\n","protected":false},"author":1,"featured_media":0,"parent":0,"menu_order":0,"comment_status":"open","ping_status":"open","template":"page-full-width.php","meta":{"footnotes":""},"class_list":["post-26","page","type-page","status-publish","hentry"],"_links":{"self":[{"href":"http:\/\/acsaluminyum.com.tr\/index.php?rest_route=\/wp\/v2\/pages\/26","targetHints":{"allow":["GET"]}}],"collection":[{"href":"http:\/\/acsaluminyum.com.tr\/index.php?rest_route=\/wp\/v2\/pages"}],"about":[{"href":"http:\/\/acsaluminyum.com.tr\/index.php?rest_route=\/wp\/v2\/types\/page"}],"author":[{"embeddable":true,"href":"http:\/\/acsaluminyum.com.tr\/index.php?rest_route=\/wp\/v2\/users\/1"}],"replies":[{"embeddable":true,"href":"http:\/\/acsaluminyum.com.tr\/index.php?rest_route=%2Fwp%2Fv2%2Fcomments&post=26"}],"version-history":[{"count":0,"href":"http:\/\/acsaluminyum.com.tr\/index.php?rest_route=\/wp\/v2\/pages\/26\/revisions"}],"wp:attachment":[{"href":"http:\/\/acsaluminyum.com.tr\/index.php?rest_route=%2Fwp%2Fv2%2Fmedia&parent=26"}],"curies":[{"name":"wp","href":"https:\/\/api.w.org\/{rel}","templated":true}]}}