{"id":24,"date":"2015-07-10T21:45:23","date_gmt":"2015-07-10T21:45:23","guid":{"rendered":"http:\/\/acsaluminyum.akdenizsoftware.com\/?page_id=24"},"modified":"2018-06-29T14:35:28","modified_gmt":"2018-06-29T14:35:28","slug":"aluminyum-discephekaplama-isleri","status":"publish","type":"page","link":"http:\/\/acsaluminyum.com.tr\/?page_id=24","title":{"rendered":"H\u0130ZMETLER\u0130M\u0130Z"},"content":{"rendered":"<p><b>VERM\u0130\u015e OLDU\u011eUMUZ T\u00dcM H\u0130ZMETLER\u0130M\u0130Z VE UYGULAMALARIMIZ F\u0130RMAMIZ GARANT\u0130S\u0130 ALTINDADIR.<\/b><\/p>\n<p><img loading=\"lazy\" decoding=\"async\" class=\"alignnone wp-image-45 size-full\" src=\"http:\/\/acsaluminyum.com.tr\/wp-content\/uploads\/2015\/07\/aluminyum-pvc-kapipenceresistemleri-antalya-e1436801887816.jpg\" alt=\"aluminyum-pvc-kapipenceresistemleri-antalya\" width=\"897\" height=\"418\" srcset=\"http:\/\/acsaluminyum.com.tr\/wp-content\/uploads\/2015\/07\/aluminyum-pvc-kapipenceresistemleri-antalya-e1436801887816.jpg 897w, http:\/\/acsaluminyum.com.tr\/wp-content\/uploads\/2015\/07\/aluminyum-pvc-kapipenceresistemleri-antalya-e1436801887816-300x140.jpg 300w\" sizes=\"auto, (max-width: 897px) 100vw, 897px\" \/><\/p>\n<div class=\"toggle_holder\"><h3 class=\"slide_toggle\"><a href=\"#\">AL\u00dcM\u0130NYUM DO\u011eRAMA \u0130\u015eLER\u0130<\/a><\/h3>\r\n\t\t\t\t\t<div class=\"slide_toggle_content\"><\/p>\n<ul>\n<li>AL\u00dcM\u0130NYUM KAPI PENCERE S\u0130STEMLER\u0130<\/li>\n<li>OTOMAT\u0130K KAPI S\u0130STEMLER\u0130<\/li>\n<\/ul>\n<p>\n<\/div><\/div>\n<p><img loading=\"lazy\" decoding=\"async\" class=\"alignnone wp-image-126 size-full\" src=\"http:\/\/acsaluminyum.com.tr\/wp-content\/uploads\/2015\/07\/avm-ismerkezi-discephekaplama-e1436795735587.jpg\" alt=\"avm-ismerkezi-discephekaplama\" width=\"1047\" height=\"402\" srcset=\"http:\/\/acsaluminyum.com.tr\/wp-content\/uploads\/2015\/07\/avm-ismerkezi-discephekaplama-e1436795735587.jpg 1047w, http:\/\/acsaluminyum.com.tr\/wp-content\/uploads\/2015\/07\/avm-ismerkezi-discephekaplama-e1436795735587-300x115.jpg 300w, http:\/\/acsaluminyum.com.tr\/wp-content\/uploads\/2015\/07\/avm-ismerkezi-discephekaplama-e1436795735587-1024x393.jpg 1024w\" sizes=\"auto, (max-width: 1047px) 100vw, 1047px\" \/><\/p>\n<div class=\"toggle_holder\"><h3 class=\"slide_toggle\"><a href=\"#\">DI\u015e CEPHE KAPLAMA<\/a><\/h3>\r\n\t\t\t\t\t<div class=\"slide_toggle_content\"><\/p>\n<ul>\n<li>CAM KAPLAMA<\/li>\n<li>AL\u00dcM\u0130NYUM KAPLAMA<\/li>\n<li>T\u00dcM KOMPOZ\u0130T KAPLAMA \u0130\u015eLER\u0130<\/li>\n<li>AH\u015eAP KOMPOZ\u0130T DI\u015eCEPHE KAPLAMA S\u0130STEMLER\u0130<\/li>\n<li>S\u0130L\u0130KON CEPHE S\u0130STEM\u0130<\/li>\n<li>AL\u00dcM\u0130NYUM RENKL\u0130 CEPHE KAPLAMALARI<\/li>\n<li>G\u00dcNE\u015e KIRICILAR<\/li>\n<\/ul>\n<p>\n<\/div><\/div>\n<p><img loading=\"lazy\" decoding=\"async\" class=\"alignnone wp-image-170 size-full\" src=\"http:\/\/acsaluminyum.com.tr\/wp-content\/uploads\/2015\/07\/plazaproje-e1436801611127.jpg\" alt=\"plazaproje\" width=\"960\" height=\"367\" srcset=\"http:\/\/acsaluminyum.com.tr\/wp-content\/uploads\/2015\/07\/plazaproje-e1436801611127.jpg 960w, http:\/\/acsaluminyum.com.tr\/wp-content\/uploads\/2015\/07\/plazaproje-e1436801611127-300x115.jpg 300w\" sizes=\"auto, (max-width: 960px) 100vw, 960px\" \/><br \/>\n<div class=\"toggle_holder\"><h3 class=\"slide_toggle\"><a href=\"#\">ANAHTAR TESL\u0130M AL\u00dcM\u0130NYUM PROJELER\u0130 TAHH\u00dcT VE UYGULAMA<\/a><\/h3>\r\n\t\t\t\t\t<div class=\"slide_toggle_content\"><p>\n&#8230;<\/p>\n<\/div><\/div><\/p>\n<p><img loading=\"lazy\" decoding=\"async\" class=\"alignnone wp-image-124 size-full\" src=\"http:\/\/acsaluminyum.com.tr\/wp-content\/uploads\/2015\/07\/bilgisayar-e1436795365561.jpg\" alt=\"bilgisayar\" width=\"895\" height=\"263\" srcset=\"http:\/\/acsaluminyum.com.tr\/wp-content\/uploads\/2015\/07\/bilgisayar-e1436795365561.jpg 895w, http:\/\/acsaluminyum.com.tr\/wp-content\/uploads\/2015\/07\/bilgisayar-e1436795365561-300x88.jpg 300w\" sizes=\"auto, (max-width: 895px) 100vw, 895px\" \/><br \/>\n<div class=\"toggle_holder\"><h3 class=\"slide_toggle\"><a href=\"#\">B\u0130LG\u0130SAYAR DESTEKL\u0130 AL\u00dcM\u0130NYUM PROJELER\u0130 TASARIM VE UYGULAMA<\/a><\/h3>\r\n\t\t\t\t\t<div class=\"slide_toggle_content\"><p>\n&#8230;<\/p>\n<\/div><\/div><\/p>\n<div class=\"toggle_holder\"><h3 class=\"slide_toggle\"><a href=\"#\">AL\u00dcM\u0130NYUM \u00dcRET\u0130M VE UYGULAMA<\/a><\/h3>\r\n\t\t\t\t\t<div class=\"slide_toggle_content\"><p>\n&#8230;<\/p>\n<\/div><\/div>\n","protected":false},"excerpt":{"rendered":"<p>VERM\u0130\u015e OLDU\u011eUMUZ T\u00dcM H\u0130ZMETLER\u0130M\u0130Z VE UYGULAMALARIMIZ F\u0130RMAMIZ GARANT\u0130S\u0130 ALTINDADIR.<\/p>\n","protected":false},"author":1,"featured_media":0,"parent":0,"menu_order":0,"comment_status":"open","ping_status":"open","template":"page-full-width.php","meta":{"footnotes":""},"class_list":["post-24","page","type-page","status-publish","hentry"],"_links":{"self":[{"href":"http:\/\/acsaluminyum.com.tr\/index.php?rest_route=\/wp\/v2\/pages\/24","targetHints":{"allow":["GET"]}}],"collection":[{"href":"http:\/\/acsaluminyum.com.tr\/index.php?rest_route=\/wp\/v2\/pages"}],"about":[{"href":"http:\/\/acsaluminyum.com.tr\/index.php?rest_route=\/wp\/v2\/types\/page"}],"author":[{"embeddable":true,"href":"http:\/\/acsaluminyum.com.tr\/index.php?rest_route=\/wp\/v2\/users\/1"}],"replies":[{"embeddable":true,"href":"http:\/\/acsaluminyum.com.tr\/index.php?rest_route=%2Fwp%2Fv2%2Fcomments&post=24"}],"version-history":[{"count":0,"href":"http:\/\/acsaluminyum.com.tr\/index.php?rest_route=\/wp\/v2\/pages\/24\/revisions"}],"wp:attachment":[{"href":"http:\/\/acsaluminyum.com.tr\/index.php?rest_route=%2Fwp%2Fv2%2Fmedia&parent=24"}],"curies":[{"name":"wp","href":"https:\/\/api.w.org\/{rel}","templated":true}]}}