{"id":2,"date":"2015-07-10T20:18:09","date_gmt":"2015-07-10T20:18:09","guid":{"rendered":"http:\/\/acsaluminyum.akdenizsoftware.com\/?page_id=2"},"modified":"2018-06-29T14:37:09","modified_gmt":"2018-06-29T14:37:09","slug":"acsaluminyum-hakkinda","status":"publish","type":"page","link":"http:\/\/acsaluminyum.com.tr\/?page_id=2","title":{"rendered":"HAKKIMIZDA"},"content":{"rendered":"<h2>Al\u00fcminyum sekt\u00f6r\u00fcnde 1986 y\u0131l\u0131nda \u00e7\u0131rakl\u0131ktan ba\u015flay\u0131p, bu g\u00fcne kadar y\u0131llar\u0131n vermi\u015f oldu\u011fu tecr\u00fcbemizle , kurmu\u015f oldu\u011fumuz A.C.S ( Adalet Cephe Sistemleri) \u015firketi olarak \u00f6ncelikle g\u00fcven ve kalite standard\u0131n\u0131 m\u00fc\u015fterilere maksimum olarak sunma inanc\u0131yla hizmet vermekteyiz.<\/h2>\n<p>&nbsp;<\/p>\n<div style=\"width:95%\"><div class=\"error\"><p><strong>Orada Se\u00e7ili galeri veya galeri silindi.<\/strong><\/p><\/div><\/div>\n<p>&nbsp;<\/p>\n<h2>\u00a0Deneyimli kalite odakl\u0131 \u00e7\u00f6z\u00fcm arayabilen , analiz edebilen , sorunlar\u0131 yerinde \u00e7\u00f6z\u00fcm arayabilen ekibimizle ve teknik kadromuzla geli\u015fen teknolojiye uygun projelerimizle en uygun mimari \u00e7\u00f6z\u00fcmleri profesyonelce uygulamaktay\u0131z.<\/h2>\n<p>&nbsp;<\/p>\n<h2>\u00a0Amac\u0131m\u0131z\u0131n kalite anlay\u0131\u015f\u0131m\u0131zdan \u00f6d\u00fcn vermeden , m\u00fc\u015fterimizin beklentilerini en do\u011fru \u015fekilde, iste\u011fine g\u00f6re kar\u015f\u0131lamak , g\u00fcven \u00e7er\u00e7evesi i\u00e7erisinde kal\u0131c\u0131 dostluklar sa\u011flamaktay\u0131z.<\/h2>\n","protected":false},"excerpt":{"rendered":"<p>Al\u00fcminyum sekt\u00f6r\u00fcnde 1986 y\u0131l\u0131nda \u00e7\u0131rakl\u0131ktan ba\u015flay\u0131p, bu g\u00fcne kadar y\u0131llar\u0131n vermi\u015f oldu\u011fu tecr\u00fcbemizle , kurmu\u015f oldu\u011fumuz A.C.S ( Adalet Cephe Sistemleri) \u015firketi olarak \u00f6ncelikle g\u00fcven ve kalite standard\u0131n\u0131 m\u00fc\u015fterilere maksimum olarak sunma inanc\u0131yla hizmet vermekteyiz. &nbsp; &nbsp; \u00a0Deneyimli kalite odakl\u0131 \u00e7\u00f6z\u00fcm arayabilen , analiz edebilen , sorunlar\u0131 yerinde \u00e7\u00f6z\u00fcm arayabilen ekibimizle ve teknik kadromuzla geli\u015fen [&hellip;]<\/p>\n","protected":false},"author":1,"featured_media":0,"parent":0,"menu_order":0,"comment_status":"open","ping_status":"closed","template":"page-full-width.php","meta":{"footnotes":""},"class_list":["post-2","page","type-page","status-publish","hentry"],"_links":{"self":[{"href":"http:\/\/acsaluminyum.com.tr\/index.php?rest_route=\/wp\/v2\/pages\/2","targetHints":{"allow":["GET"]}}],"collection":[{"href":"http:\/\/acsaluminyum.com.tr\/index.php?rest_route=\/wp\/v2\/pages"}],"about":[{"href":"http:\/\/acsaluminyum.com.tr\/index.php?rest_route=\/wp\/v2\/types\/page"}],"author":[{"embeddable":true,"href":"http:\/\/acsaluminyum.com.tr\/index.php?rest_route=\/wp\/v2\/users\/1"}],"replies":[{"embeddable":true,"href":"http:\/\/acsaluminyum.com.tr\/index.php?rest_route=%2Fwp%2Fv2%2Fcomments&post=2"}],"version-history":[{"count":0,"href":"http:\/\/acsaluminyum.com.tr\/index.php?rest_route=\/wp\/v2\/pages\/2\/revisions"}],"wp:attachment":[{"href":"http:\/\/acsaluminyum.com.tr\/index.php?rest_route=%2Fwp%2Fv2%2Fmedia&parent=2"}],"curies":[{"name":"wp","href":"https:\/\/api.w.org\/{rel}","templated":true}]}}